{"id":123,"date":"2024-12-17T16:08:52","date_gmt":"2024-12-17T16:08:52","guid":{"rendered":"https:\/\/www.blueshell.com\/?page_id=123"},"modified":"2025-02-26T12:44:26","modified_gmt":"2025-02-26T12:44:26","slug":"blueshell","status":"publish","type":"page","link":"https:\/\/www.blueshell.com\/de\/freelance\/blueshell\/","title":{"rendered":"blueshell"},"content":{"rendered":"\n<p><em>blueshell Software Engineering<\/em> ist der Name, unter dem mein <em>Ingenieurb\u00fcro f\u00fcr Computersysteme<\/em> Softwarel\u00f6sungen entwickelt und qualifizierte Beratung anbietet.<\/p>\n\n\n\n<figure class=\"wp-block-image alignleft size-full\"><img loading=\"lazy\" decoding=\"async\" width=\"512\" height=\"201\" src=\"https:\/\/www.blueshell.com\/wp-content\/uploads\/2024\/12\/blueshell_512x5121-e1734448889640.png\" alt=\"\" class=\"wp-image-115\" srcset=\"https:\/\/www.blueshell.com\/wp-content\/uploads\/2024\/12\/blueshell_512x5121-e1734448889640.png 512w, https:\/\/www.blueshell.com\/wp-content\/uploads\/2024\/12\/blueshell_512x5121-e1734448889640-300x118.png 300w\" sizes=\"auto, (max-width: 512px) 100vw, 512px\" \/><\/figure>\n\n\n\n<p>Als Freelancer habe ich im Laufe der Jahre in verschiedenen Teams nat\u00fcrlich viel Software entwickelt. Darunter waren so unterschiedliche Dinge wie ein Kostencontrolling-Programm, ein Gasrohrleitungs-Kataster, U-Bahn-Simulationen, Rangierbahnhof-Steuerungen, ein Versicherungs-Bestandsf\u00fchrungssystem oder ein Onlinedienste-Portal. Die Rechte all dieser Produkte liegen nat\u00fcrlich bei den jeweiligen Auftraggebern. Mitunter ist es aber auch dazu gekommen, dass ich, fr\u00fcher auch mit meinen eigenen Mitarbeitern, einzelne Komponenten oder Programme mit eigenen Rechten entwickelt habe. Diese Software findet man unter der Marke <em>blueshell<\/em>.<\/p>\n\n\n\n<div class=\"wp-block-buttons is-content-justification-space-between is-layout-flex wp-container-core-buttons-is-layout-1 wp-block-buttons-is-layout-flex\">\n<div class=\"wp-block-button\"><a class=\"wp-block-button__link wp-element-button\" href=\"\/de\/freelance\/passion\">&lt;&lt; Leidenschaft<\/a><\/div>\n<\/div>\n","protected":false},"excerpt":{"rendered":"<p>blueshell Software Engineering ist der Name, unter dem mein Ingenieurb\u00fcro f\u00fcr Computersysteme Softwarel\u00f6sungen entwickelt und qualifizierte Beratung anbietet. Als Freelancer habe ich im Laufe der Jahre in verschiedenen Teams nat\u00fcrlich viel Software entwickelt. Darunter waren so unterschiedliche Dinge wie ein Kostencontrolling-Programm, ein Gasrohrleitungs-Kataster, U-Bahn-Simulationen, Rangierbahnhof-Steuerungen, ein Versicherungs-Bestandsf\u00fchrungssystem oder ein Onlinedienste-Portal. Die Rechte all dieser Produkte [&hellip;]<\/p>\n","protected":false},"author":1,"featured_media":0,"parent":64,"menu_order":4,"comment_status":"closed","ping_status":"closed","template":"","meta":{"_locale":"de_DE","_original_post":"https:\/\/www.blueshell.com\/?page_id=96","footnotes":""},"class_list":["post-123","page","type-page","status-publish","hentry","de-DE"],"_links":{"self":[{"href":"https:\/\/www.blueshell.com\/wp-json\/wp\/v2\/pages\/123","targetHints":{"allow":["GET"]}}],"collection":[{"href":"https:\/\/www.blueshell.com\/wp-json\/wp\/v2\/pages"}],"about":[{"href":"https:\/\/www.blueshell.com\/wp-json\/wp\/v2\/types\/page"}],"author":[{"embeddable":true,"href":"https:\/\/www.blueshell.com\/wp-json\/wp\/v2\/users\/1"}],"replies":[{"embeddable":true,"href":"https:\/\/www.blueshell.com\/wp-json\/wp\/v2\/comments?post=123"}],"version-history":[{"count":3,"href":"https:\/\/www.blueshell.com\/wp-json\/wp\/v2\/pages\/123\/revisions"}],"predecessor-version":[{"id":161,"href":"https:\/\/www.blueshell.com\/wp-json\/wp\/v2\/pages\/123\/revisions\/161"}],"up":[{"embeddable":true,"href":"https:\/\/www.blueshell.com\/wp-json\/wp\/v2\/pages\/64"}],"wp:attachment":[{"href":"https:\/\/www.blueshell.com\/wp-json\/wp\/v2\/media?parent=123"}],"curies":[{"name":"wp","href":"https:\/\/api.w.org\/{rel}","templated":true}]}}