{"id":121,"date":"2024-12-17T16:09:47","date_gmt":"2024-12-17T16:09:47","guid":{"rendered":"https:\/\/www.blueshell.com\/?page_id=121"},"modified":"2024-12-17T16:19:53","modified_gmt":"2024-12-17T16:19:53","slug":"teamwork","status":"publish","type":"page","link":"https:\/\/www.blueshell.com\/de\/freelance\/teamwork\/","title":{"rendered":"Teamwork"},"content":{"rendered":"\n<p>Industrielle Software-Erstellung braucht Teamwork. Nur wenn ein Team gemeinsam Hand-in-Hand ans Werk geht, kann gute Software entstehen. Gegenseitiger Respekt ist essentiell: Wenn  die Expertise des oder der jeweils anderen gesehen, gefordert und gesch\u00e4tzt wird, greift ein Rad ins andere und das Team kann seine volle Kraft entfalten.<\/p>\n\n\n\n<p>Als zertifizierter Scrum-Master wei\u00df ich, wie man ein Team effizient unterst\u00fctzen kann und als Projektmanager IHK kann ich Projekte zum Erfolg f\u00fchren.<\/p>\n\n\n\n<div class=\"wp-block-buttons is-content-justification-space-between is-layout-flex wp-container-core-buttons-is-layout-1 wp-block-buttons-is-layout-flex\">\n<div class=\"wp-block-button\"><a class=\"wp-block-button__link wp-element-button\" href=\"https:\/\/www.blueshell.com\/de\/freelance\/engineering\/\">&lt;&lt; Engineering<\/a><\/div>\n\n\n\n<div class=\"wp-block-button\"><a class=\"wp-block-button__link wp-element-button\" href=\"\/de\/freelance\/passion\">Leidenschaft &gt;&gt;<\/a><\/div>\n<\/div>\n","protected":false},"excerpt":{"rendered":"<p>Industrielle Software-Erstellung braucht Teamwork. Nur wenn ein Team gemeinsam Hand-in-Hand ans Werk geht, kann gute Software entstehen. Gegenseitiger Respekt ist essentiell: Wenn die Expertise des oder der jeweils anderen gesehen, gefordert und gesch\u00e4tzt wird, greift ein Rad ins andere und das Team kann seine volle Kraft entfalten. Als zertifizierter Scrum-Master wei\u00df ich, wie man ein [&hellip;]<\/p>\n","protected":false},"author":1,"featured_media":0,"parent":64,"menu_order":2,"comment_status":"closed","ping_status":"closed","template":"","meta":{"_locale":"de_DE","_original_post":"https:\/\/www.blueshell.com\/?page_id=102","footnotes":""},"class_list":["post-121","page","type-page","status-publish","hentry","de-DE"],"_links":{"self":[{"href":"https:\/\/www.blueshell.com\/wp-json\/wp\/v2\/pages\/121","targetHints":{"allow":["GET"]}}],"collection":[{"href":"https:\/\/www.blueshell.com\/wp-json\/wp\/v2\/pages"}],"about":[{"href":"https:\/\/www.blueshell.com\/wp-json\/wp\/v2\/types\/page"}],"author":[{"embeddable":true,"href":"https:\/\/www.blueshell.com\/wp-json\/wp\/v2\/users\/1"}],"replies":[{"embeddable":true,"href":"https:\/\/www.blueshell.com\/wp-json\/wp\/v2\/comments?post=121"}],"version-history":[{"count":3,"href":"https:\/\/www.blueshell.com\/wp-json\/wp\/v2\/pages\/121\/revisions"}],"predecessor-version":[{"id":136,"href":"https:\/\/www.blueshell.com\/wp-json\/wp\/v2\/pages\/121\/revisions\/136"}],"up":[{"embeddable":true,"href":"https:\/\/www.blueshell.com\/wp-json\/wp\/v2\/pages\/64"}],"wp:attachment":[{"href":"https:\/\/www.blueshell.com\/wp-json\/wp\/v2\/media?parent=121"}],"curies":[{"name":"wp","href":"https:\/\/api.w.org\/{rel}","templated":true}]}}